{"id":2192,"date":"2024-10-24T14:21:10","date_gmt":"2024-10-24T14:21:10","guid":{"rendered":"https:\/\/www.restaurant-lemillenaire.com\/?page_id=2192"},"modified":"2025-04-07T10:58:01","modified_gmt":"2025-04-07T10:58:01","slug":"nous-rejoindre","status":"publish","type":"page","link":"https:\/\/www.restaurant-lemillenaire.com\/en\/nous-rejoindre\/","title":{"rendered":"Nous rejoindre"},"content":{"rendered":"<div data-elementor-type=\"wp-page\" data-elementor-id=\"2192\" class=\"elementor elementor-2192\">\n\t\t\t\t\t\t<section class=\"elementor-section elementor-top-section elementor-element elementor-element-137de41 elementor-section-full_width elementor-section-height-default elementor-section-height-default wpr-particle-no wpr-jarallax-no wpr-parallax-no wpr-sticky-section-no wpr-equal-height-no\" data-id=\"137de41\" data-element_type=\"section\" data-e-type=\"section\" data-settings=\"{&quot;background_background&quot;:&quot;classic&quot;}\">\n\t\t\t\t\t\t\t<div class=\"elementor-background-overlay\"><\/div>\n\t\t\t\t\t\t\t<div class=\"elementor-container elementor-column-gap-no\">\n\t\t\t\t\t<div class=\"elementor-column elementor-col-100 elementor-top-column elementor-element elementor-element-c4ade1e\" data-id=\"c4ade1e\" data-element_type=\"column\" data-e-type=\"column\">\n\t\t\t<div class=\"elementor-widget-wrap elementor-element-populated\">\n\t\t\t\t\t\t<div class=\"elementor-element elementor-element-f770deb elementor-widget elementor-widget-spacer\" data-id=\"f770deb\" data-element_type=\"widget\" data-e-type=\"widget\" data-widget_type=\"spacer.default\">\n\t\t\t\t<div class=\"elementor-widget-container\">\n\t\t\t\t\t\t\t<div class=\"elementor-spacer\">\n\t\t\t<div class=\"elementor-spacer-inner\"><\/div>\n\t\t<\/div>\n\t\t\t\t\t\t<\/div>\n\t\t\t\t<\/div>\n\t\t\t\t<div class=\"elementor-element elementor-element-dff1d8b elementor-widget elementor-widget-heading\" data-id=\"dff1d8b\" data-element_type=\"widget\" data-e-type=\"widget\" data-widget_type=\"heading.default\">\n\t\t\t\t<div class=\"elementor-widget-container\">\n\t\t\t\t\t<h2 class=\"elementor-heading-title elementor-size-default\">Nous rejoindre<\/h2>\t\t\t\t<\/div>\n\t\t\t\t<\/div>\n\t\t\t\t<div class=\"elementor-element elementor-element-89a2142 elementor-widget elementor-widget-spacer\" data-id=\"89a2142\" data-element_type=\"widget\" data-e-type=\"widget\" data-widget_type=\"spacer.default\">\n\t\t\t\t<div class=\"elementor-widget-container\">\n\t\t\t\t\t\t\t<div class=\"elementor-spacer\">\n\t\t\t<div class=\"elementor-spacer-inner\"><\/div>\n\t\t<\/div>\n\t\t\t\t\t\t<\/div>\n\t\t\t\t<\/div>\n\t\t\t\t<div class=\"elementor-element elementor-element-ecf67e0 elementor-widget__width-initial elementor-widget-mobile__width-initial elementor-widget elementor-widget-text-editor\" data-id=\"ecf67e0\" data-element_type=\"widget\" data-e-type=\"widget\" data-widget_type=\"text-editor.default\">\n\t\t\t\t<div class=\"elementor-widget-container\">\n\t\t\t\t\t\t\t\t\t<p>Retrouverez toutes nos offres d&#8217;emploi pour rejoindre notre \u00e9quipe passionn\u00e9e. N&rsquo;h\u00e9sitez pas \u00e0 visiter cette page r\u00e9guli\u00e8rement pour ne rien manquer et d\u00e9couvrir les nouvelles opportunit\u00e9s qui s&rsquo;offrent \u00e0 vous.<\/p>\t\t\t\t\t\t\t\t<\/div>\n\t\t\t\t<\/div>\n\t\t\t\t<div class=\"elementor-element elementor-element-35b5706 elementor-widget elementor-widget-spacer\" data-id=\"35b5706\" data-element_type=\"widget\" data-e-type=\"widget\" data-widget_type=\"spacer.default\">\n\t\t\t\t<div class=\"elementor-widget-container\">\n\t\t\t\t\t\t\t<div class=\"elementor-spacer\">\n\t\t\t<div class=\"elementor-spacer-inner\"><\/div>\n\t\t<\/div>\n\t\t\t\t\t\t<\/div>\n\t\t\t\t<\/div>\n\t\t\t\t\t<\/div>\n\t\t<\/div>\n\t\t\t\t\t<\/div>\n\t\t<\/section>\n\t\t\t\t<section class=\"elementor-section elementor-top-section elementor-element elementor-element-8942ea0 elementor-section-full_width elementor-section-height-default elementor-section-height-default wpr-particle-no wpr-jarallax-no wpr-parallax-no wpr-sticky-section-no wpr-equal-height-no\" data-id=\"8942ea0\" data-element_type=\"section\" data-e-type=\"section\" data-settings=\"{&quot;background_background&quot;:&quot;classic&quot;}\">\n\t\t\t\t\t\t<div class=\"elementor-container elementor-column-gap-no\">\n\t\t\t\t\t<div class=\"elementor-column elementor-col-100 elementor-top-column elementor-element elementor-element-a69b0ed\" data-id=\"a69b0ed\" data-element_type=\"column\" data-e-type=\"column\">\n\t\t\t<div class=\"elementor-widget-wrap elementor-element-populated\">\n\t\t\t\t\t\t<div class=\"elementor-element elementor-element-49a1f0d elementor-widget elementor-widget-spacer\" data-id=\"49a1f0d\" data-element_type=\"widget\" data-e-type=\"widget\" data-widget_type=\"spacer.default\">\n\t\t\t\t<div class=\"elementor-widget-container\">\n\t\t\t\t\t\t\t<div class=\"elementor-spacer\">\n\t\t\t<div class=\"elementor-spacer-inner\"><\/div>\n\t\t<\/div>\n\t\t\t\t\t\t<\/div>\n\t\t\t\t<\/div>\n\t\t\t\t<section class=\"elementor-section elementor-inner-section elementor-element elementor-element-7065ced elementor-section-boxed elementor-section-height-default elementor-section-height-default wpr-particle-no wpr-jarallax-no wpr-parallax-no wpr-sticky-section-no wpr-equal-height-no\" data-id=\"7065ced\" data-element_type=\"section\" data-e-type=\"section\" data-settings=\"{&quot;animation&quot;:&quot;none&quot;}\">\n\t\t\t\t\t\t<div class=\"elementor-container elementor-column-gap-wider\">\n\t\t\t\t\t<div class=\"elementor-column elementor-col-100 elementor-inner-column elementor-element elementor-element-b1a98ab\" data-id=\"b1a98ab\" data-element_type=\"column\" data-e-type=\"column\" data-settings=\"{&quot;background_background&quot;:&quot;classic&quot;}\">\n\t\t\t<div class=\"elementor-widget-wrap elementor-element-populated\">\n\t\t\t\t\t\t<div class=\"elementor-element elementor-element-2a234bd elementor-widget elementor-widget-heading\" data-id=\"2a234bd\" data-element_type=\"widget\" data-e-type=\"widget\" data-widget_type=\"heading.default\">\n\t\t\t\t<div class=\"elementor-widget-container\">\n\t\t\t\t\t<h2 class=\"elementor-heading-title elementor-size-default\">Candidature spontan\u00e9e<\/h2>\t\t\t\t<\/div>\n\t\t\t\t<\/div>\n\t\t\t\t<div class=\"elementor-element elementor-element-b080d26 elementor-widget elementor-widget-spacer\" data-id=\"b080d26\" data-element_type=\"widget\" data-e-type=\"widget\" data-widget_type=\"spacer.default\">\n\t\t\t\t<div class=\"elementor-widget-container\">\n\t\t\t\t\t\t\t<div class=\"elementor-spacer\">\n\t\t\t<div class=\"elementor-spacer-inner\"><\/div>\n\t\t<\/div>\n\t\t\t\t\t\t<\/div>\n\t\t\t\t<\/div>\n\t\t\t\t<div class=\"elementor-element elementor-element-2aa3eea elementor-align-center elementor-widget__width-initial elementor-widget elementor-widget-button\" data-id=\"2aa3eea\" data-element_type=\"widget\" data-e-type=\"widget\" data-widget_type=\"button.default\">\n\t\t\t\t<div class=\"elementor-widget-container\">\n\t\t\t\t\t\t\t\t\t<div class=\"elementor-button-wrapper\">\n\t\t\t\t\t<a class=\"elementor-button elementor-button-link elementor-size-md elementor-animation-shrink\" href=\"http:\/\/www.restaurant-lemillenaire.com\/en\/contact\/\" target=\"_blank\">\n\t\t\t\t\t\t<span class=\"elementor-button-content-wrapper\">\n\t\t\t\t\t\t\t\t\t<span class=\"elementor-button-text\">POSTULER<\/span>\n\t\t\t\t\t<\/span>\n\t\t\t\t\t<\/a>\n\t\t\t\t<\/div>\n\t\t\t\t\t\t\t\t<\/div>\n\t\t\t\t<\/div>\n\t\t\t\t\t<\/div>\n\t\t<\/div>\n\t\t\t\t\t<\/div>\n\t\t<\/section>\n\t\t\t\t<div class=\"elementor-element elementor-element-1928238 elementor-widget elementor-widget-spacer\" data-id=\"1928238\" data-element_type=\"widget\" data-e-type=\"widget\" data-widget_type=\"spacer.default\">\n\t\t\t\t<div class=\"elementor-widget-container\">\n\t\t\t\t\t\t\t<div class=\"elementor-spacer\">\n\t\t\t<div class=\"elementor-spacer-inner\"><\/div>\n\t\t<\/div>\n\t\t\t\t\t\t<\/div>\n\t\t\t\t<\/div>\n\t\t\t\t\t<\/div>\n\t\t<\/div>\n\t\t\t\t\t<\/div>\n\t\t<\/section>\n\t\t\t\t<section class=\"elementor-section elementor-top-section elementor-element elementor-element-3c4921e elementor-section-boxed elementor-section-height-default elementor-section-height-default wpr-particle-no wpr-jarallax-no wpr-parallax-no wpr-sticky-section-no wpr-equal-height-no\" data-id=\"3c4921e\" data-element_type=\"section\" data-e-type=\"section\" data-settings=\"{&quot;background_background&quot;:&quot;classic&quot;}\">\n\t\t\t\t\t\t<div class=\"elementor-container elementor-column-gap-default\">\n\t\t\t\t\t<div class=\"elementor-column elementor-col-100 elementor-top-column elementor-element elementor-element-f0dd868\" data-id=\"f0dd868\" data-element_type=\"column\" data-e-type=\"column\">\n\t\t\t<div class=\"elementor-widget-wrap elementor-element-populated\">\n\t\t\t\t\t\t<div class=\"elementor-element elementor-element-08a87f8 elementor-shape-circle elementor-grid-0 e-grid-align-center elementor-widget elementor-widget-social-icons\" data-id=\"08a87f8\" data-element_type=\"widget\" data-e-type=\"widget\" data-widget_type=\"social-icons.default\">\n\t\t\t\t<div class=\"elementor-widget-container\">\n\t\t\t\t\t\t\t<div class=\"elementor-social-icons-wrapper elementor-grid\" role=\"list\">\n\t\t\t\t\t\t\t<span class=\"elementor-grid-item\" role=\"listitem\">\n\t\t\t\t\t<a class=\"elementor-icon elementor-social-icon elementor-social-icon-linkedin elementor-repeater-item-29439d5\" href=\"https:\/\/www.linkedin.com\/company\/le-mill%C3%A9naire\/\" target=\"_blank\">\n\t\t\t\t\t\t<span class=\"elementor-screen-only\">Linkedin<\/span>\n\t\t\t\t\t\t<i aria-hidden=\"true\" class=\"fab fa-linkedin\"><\/i>\t\t\t\t\t<\/a>\n\t\t\t\t<\/span>\n\t\t\t\t\t\t\t<span class=\"elementor-grid-item\" role=\"listitem\">\n\t\t\t\t\t<a class=\"elementor-icon elementor-social-icon elementor-social-icon-instagram elementor-repeater-item-d4d0f7d\" href=\"https:\/\/www.instagram.com\/lemillenaire_reims\/\" target=\"_blank\">\n\t\t\t\t\t\t<span class=\"elementor-screen-only\">Instagram<\/span>\n\t\t\t\t\t\t<i aria-hidden=\"true\" class=\"fab fa-instagram\"><\/i>\t\t\t\t\t<\/a>\n\t\t\t\t<\/span>\n\t\t\t\t\t\t\t<span class=\"elementor-grid-item\" role=\"listitem\">\n\t\t\t\t\t<a class=\"elementor-icon elementor-social-icon elementor-social-icon-facebook elementor-repeater-item-ca6369c\" href=\"https:\/\/www.facebook.com\/lemillenairereims51\/\" target=\"_blank\">\n\t\t\t\t\t\t<span class=\"elementor-screen-only\">Facebook<\/span>\n\t\t\t\t\t\t<i aria-hidden=\"true\" class=\"fab fa-facebook\"><\/i>\t\t\t\t\t<\/a>\n\t\t\t\t<\/span>\n\t\t\t\t\t<\/div>\n\t\t\t\t\t\t<\/div>\n\t\t\t\t<\/div>\n\t\t\t\t<div class=\"elementor-element elementor-element-0c62bfe elementor-widget elementor-widget-text-editor\" data-id=\"0c62bfe\" data-element_type=\"widget\" data-e-type=\"widget\" data-widget_type=\"text-editor.default\">\n\t\t\t\t<div class=\"elementor-widget-container\">\n\t\t\t\t\t\t\t\t\t<p class=\"p1\">In our Michelin-starred establishment, elegant and well-groomed attire is appreciated to ensure a refined experience for all our guests. Pets are not allowed in the restaurant.<\/p>\t\t\t\t\t\t\t\t<\/div>\n\t\t\t\t<\/div>\n\t\t\t\t\t<\/div>\n\t\t<\/div>\n\t\t\t\t\t<\/div>\n\t\t<\/section>\n\t\t\t\t<\/div>","protected":false},"excerpt":{"rendered":"<p>Nous rejoindre Retrouverez toutes nos offres d&#8217;emploi pour rejoindre notre \u00e9quipe passionn\u00e9e. N&rsquo;h\u00e9sitez pas \u00e0 visiter cette page r\u00e9guli\u00e8rement pour ne rien manquer et d\u00e9couvrir les nouvelles opportunit\u00e9s qui s&rsquo;offrent \u00e0 vous. Candidature spontan\u00e9e POSTULER Linkedin Instagram Facebook Dans notre \u00e9tablissement \u00e9toil\u00e9, une tenue \u00e9l\u00e9gante et soign\u00e9e est appr\u00e9ci\u00e9e afin de garantir une exp\u00e9rience raffin\u00e9e \u00e0 tous nos convives. Nos amis les animaux ne sont pas accept\u00e9s au sein du restaurant.<\/p>","protected":false},"author":3,"featured_media":0,"parent":0,"menu_order":0,"comment_status":"closed","ping_status":"closed","template":"elementor_header_footer","meta":{"site-sidebar-layout":"no-sidebar","site-content-layout":"page-builder","ast-site-content-layout":"default","site-content-style":"default","site-sidebar-style":"default","ast-global-header-display":"","ast-banner-title-visibility":"","ast-main-header-display":"","ast-hfb-above-header-display":"","ast-hfb-below-header-display":"","ast-hfb-mobile-header-display":"","site-post-title":"disabled","ast-breadcrumbs-content":"","ast-featured-img":"disabled","footer-sml-layout":"","theme-transparent-header-meta":"","adv-header-id-meta":"","stick-header-meta":"","header-above-stick-meta":"","header-main-stick-meta":"","header-below-stick-meta":"","astra-migrate-meta-layouts":"default","ast-page-background-enabled":"default","ast-page-background-meta":{"desktop":{"background-color":"var(--ast-global-color-4)","background-image":"","background-repeat":"repeat","background-position":"center center","background-size":"auto","background-attachment":"scroll","background-type":"","background-media":"","overlay-type":"","overlay-color":"","overlay-opacity":"","overlay-gradient":""},"tablet":{"background-color":"","background-image":"","background-repeat":"repeat","background-position":"center center","background-size":"auto","background-attachment":"scroll","background-type":"","background-media":"","overlay-type":"","overlay-color":"","overlay-opacity":"","overlay-gradient":""},"mobile":{"background-color":"","background-image":"","background-repeat":"repeat","background-position":"center center","background-size":"auto","background-attachment":"scroll","background-type":"","background-media":"","overlay-type":"","overlay-color":"","overlay-opacity":"","overlay-gradient":""}},"ast-content-background-meta":{"desktop":{"background-color":"var(--ast-global-color-5)","background-image":"","background-repeat":"repeat","background-position":"center center","background-size":"auto","background-attachment":"scroll","background-type":"","background-media":"","overlay-type":"","overlay-color":"","overlay-opacity":"","overlay-gradient":""},"tablet":{"background-color":"var(--ast-global-color-5)","background-image":"","background-repeat":"repeat","background-position":"center center","background-size":"auto","background-attachment":"scroll","background-type":"","background-media":"","overlay-type":"","overlay-color":"","overlay-opacity":"","overlay-gradient":""},"mobile":{"background-color":"var(--ast-global-color-5)","background-image":"","background-repeat":"repeat","background-position":"center center","background-size":"auto","background-attachment":"scroll","background-type":"","background-media":"","overlay-type":"","overlay-color":"","overlay-opacity":"","overlay-gradient":""}},"footnotes":""},"class_list":["post-2192","page","type-page","status-publish","hentry"],"yoast_head":"<!-- This site is optimized with the Yoast SEO plugin v27.5 - https:\/\/yoast.com\/product\/yoast-seo-wordpress\/ -->\n<title>Nous rejoindre - Le Mill\u00e9naire<\/title>\n<meta name=\"robots\" content=\"index, follow, max-snippet:-1, max-image-preview:large, max-video-preview:-1\" \/>\n<link rel=\"canonical\" href=\"https:\/\/www.restaurant-lemillenaire.com\/en\/nous-rejoindre\/\" \/>\n<meta property=\"og:locale\" content=\"en_GB\" \/>\n<meta property=\"og:type\" content=\"article\" \/>\n<meta property=\"og:title\" content=\"Nous rejoindre - Le Mill\u00e9naire\" \/>\n<meta property=\"og:description\" content=\"Nous rejoindre Retrouverez toutes nos offres d&#8217;emploi pour rejoindre notre \u00e9quipe passionn\u00e9e. N&rsquo;h\u00e9sitez pas \u00e0 visiter cette page r\u00e9guli\u00e8rement pour ne rien manquer et d\u00e9couvrir les nouvelles opportunit\u00e9s qui s&rsquo;offrent \u00e0 vous. Candidature spontan\u00e9e POSTULER Linkedin Instagram Facebook Dans notre \u00e9tablissement \u00e9toil\u00e9, une tenue \u00e9l\u00e9gante et soign\u00e9e est appr\u00e9ci\u00e9e afin de garantir une exp\u00e9rience raffin\u00e9e \u00e0 tous nos convives. Nos amis les animaux ne sont pas accept\u00e9s au sein du restaurant.\" \/>\n<meta property=\"og:url\" content=\"https:\/\/www.restaurant-lemillenaire.com\/en\/nous-rejoindre\/\" \/>\n<meta property=\"og:site_name\" content=\"Le Mill\u00e9naire\" \/>\n<meta property=\"article:modified_time\" content=\"2025-04-07T10:58:01+00:00\" \/>\n<meta name=\"twitter:card\" content=\"summary_large_image\" \/>\n<meta name=\"twitter:label1\" content=\"Estimated reading time\" \/>\n\t<meta name=\"twitter:data1\" content=\"1 minute\" \/>\n<script type=\"application\/ld+json\" class=\"yoast-schema-graph\">{\"@context\":\"https:\\\/\\\/schema.org\",\"@graph\":[{\"@type\":\"WebPage\",\"@id\":\"https:\\\/\\\/www.restaurant-lemillenaire.com\\\/nous-rejoindre\\\/\",\"url\":\"https:\\\/\\\/www.restaurant-lemillenaire.com\\\/nous-rejoindre\\\/\",\"name\":\"Nous rejoindre - Le Mill\u00e9naire\",\"isPartOf\":{\"@id\":\"https:\\\/\\\/www.restaurant-lemillenaire.com\\\/#website\"},\"datePublished\":\"2024-10-24T14:21:10+00:00\",\"dateModified\":\"2025-04-07T10:58:01+00:00\",\"breadcrumb\":{\"@id\":\"https:\\\/\\\/www.restaurant-lemillenaire.com\\\/nous-rejoindre\\\/#breadcrumb\"},\"inLanguage\":\"en-GB\",\"potentialAction\":[{\"@type\":\"ReadAction\",\"target\":[\"https:\\\/\\\/www.restaurant-lemillenaire.com\\\/nous-rejoindre\\\/\"]}]},{\"@type\":\"BreadcrumbList\",\"@id\":\"https:\\\/\\\/www.restaurant-lemillenaire.com\\\/nous-rejoindre\\\/#breadcrumb\",\"itemListElement\":[{\"@type\":\"ListItem\",\"position\":1,\"name\":\"Accueil\",\"item\":\"https:\\\/\\\/www.restaurant-lemillenaire.com\\\/\"},{\"@type\":\"ListItem\",\"position\":2,\"name\":\"Nous rejoindre\"}]},{\"@type\":\"WebSite\",\"@id\":\"https:\\\/\\\/www.restaurant-lemillenaire.com\\\/#website\",\"url\":\"https:\\\/\\\/www.restaurant-lemillenaire.com\\\/\",\"name\":\"Le Mill\u00e9naire\",\"description\":\"\",\"publisher\":{\"@id\":\"https:\\\/\\\/www.restaurant-lemillenaire.com\\\/#organization\"},\"potentialAction\":[{\"@type\":\"SearchAction\",\"target\":{\"@type\":\"EntryPoint\",\"urlTemplate\":\"https:\\\/\\\/www.restaurant-lemillenaire.com\\\/?s={search_term_string}\"},\"query-input\":{\"@type\":\"PropertyValueSpecification\",\"valueRequired\":true,\"valueName\":\"search_term_string\"}}],\"inLanguage\":\"en-GB\"},{\"@type\":\"Organization\",\"@id\":\"https:\\\/\\\/www.restaurant-lemillenaire.com\\\/#organization\",\"name\":\"Le Mill\u00e9naire\",\"url\":\"https:\\\/\\\/www.restaurant-lemillenaire.com\\\/\",\"logo\":{\"@type\":\"ImageObject\",\"inLanguage\":\"en-GB\",\"@id\":\"https:\\\/\\\/www.restaurant-lemillenaire.com\\\/#\\\/schema\\\/logo\\\/image\\\/\",\"url\":\"https:\\\/\\\/www.restaurant-lemillenaire.com\\\/wp-content\\\/uploads\\\/2023\\\/08\\\/cropped-M-OR.png\",\"contentUrl\":\"https:\\\/\\\/www.restaurant-lemillenaire.com\\\/wp-content\\\/uploads\\\/2023\\\/08\\\/cropped-M-OR.png\",\"width\":1601,\"height\":1265,\"caption\":\"Le Mill\u00e9naire\"},\"image\":{\"@id\":\"https:\\\/\\\/www.restaurant-lemillenaire.com\\\/#\\\/schema\\\/logo\\\/image\\\/\"}}]}<\/script>\n<!-- \/ Yoast SEO plugin. -->","yoast_head_json":{"title":"Nous rejoindre - Le Mill\u00e9naire","robots":{"index":"index","follow":"follow","max-snippet":"max-snippet:-1","max-image-preview":"max-image-preview:large","max-video-preview":"max-video-preview:-1"},"canonical":"https:\/\/www.restaurant-lemillenaire.com\/en\/nous-rejoindre\/","og_locale":"en_GB","og_type":"article","og_title":"Nous rejoindre - Le Mill\u00e9naire","og_description":"Nous rejoindre Retrouverez toutes nos offres d&#8217;emploi pour rejoindre notre \u00e9quipe passionn\u00e9e. N&rsquo;h\u00e9sitez pas \u00e0 visiter cette page r\u00e9guli\u00e8rement pour ne rien manquer et d\u00e9couvrir les nouvelles opportunit\u00e9s qui s&rsquo;offrent \u00e0 vous. Candidature spontan\u00e9e POSTULER Linkedin Instagram Facebook Dans notre \u00e9tablissement \u00e9toil\u00e9, une tenue \u00e9l\u00e9gante et soign\u00e9e est appr\u00e9ci\u00e9e afin de garantir une exp\u00e9rience raffin\u00e9e \u00e0 tous nos convives. Nos amis les animaux ne sont pas accept\u00e9s au sein du restaurant.","og_url":"https:\/\/www.restaurant-lemillenaire.com\/en\/nous-rejoindre\/","og_site_name":"Le Mill\u00e9naire","article_modified_time":"2025-04-07T10:58:01+00:00","twitter_card":"summary_large_image","twitter_misc":{"Estimated reading time":"1 minute"},"schema":{"@context":"https:\/\/schema.org","@graph":[{"@type":"WebPage","@id":"https:\/\/www.restaurant-lemillenaire.com\/nous-rejoindre\/","url":"https:\/\/www.restaurant-lemillenaire.com\/nous-rejoindre\/","name":"Nous rejoindre - Le Mill\u00e9naire","isPartOf":{"@id":"https:\/\/www.restaurant-lemillenaire.com\/#website"},"datePublished":"2024-10-24T14:21:10+00:00","dateModified":"2025-04-07T10:58:01+00:00","breadcrumb":{"@id":"https:\/\/www.restaurant-lemillenaire.com\/nous-rejoindre\/#breadcrumb"},"inLanguage":"en-GB","potentialAction":[{"@type":"ReadAction","target":["https:\/\/www.restaurant-lemillenaire.com\/nous-rejoindre\/"]}]},{"@type":"BreadcrumbList","@id":"https:\/\/www.restaurant-lemillenaire.com\/nous-rejoindre\/#breadcrumb","itemListElement":[{"@type":"ListItem","position":1,"name":"Accueil","item":"https:\/\/www.restaurant-lemillenaire.com\/"},{"@type":"ListItem","position":2,"name":"Nous rejoindre"}]},{"@type":"WebSite","@id":"https:\/\/www.restaurant-lemillenaire.com\/#website","url":"https:\/\/www.restaurant-lemillenaire.com\/","name":"The Mill\u00e9naire","description":"","publisher":{"@id":"https:\/\/www.restaurant-lemillenaire.com\/#organization"},"potentialAction":[{"@type":"SearchAction","target":{"@type":"EntryPoint","urlTemplate":"https:\/\/www.restaurant-lemillenaire.com\/?s={search_term_string}"},"query-input":{"@type":"PropertyValueSpecification","valueRequired":true,"valueName":"search_term_string"}}],"inLanguage":"en-GB"},{"@type":"Organization","@id":"https:\/\/www.restaurant-lemillenaire.com\/#organization","name":"The Mill\u00e9naire","url":"https:\/\/www.restaurant-lemillenaire.com\/","logo":{"@type":"ImageObject","inLanguage":"en-GB","@id":"https:\/\/www.restaurant-lemillenaire.com\/#\/schema\/logo\/image\/","url":"https:\/\/www.restaurant-lemillenaire.com\/wp-content\/uploads\/2023\/08\/cropped-M-OR.png","contentUrl":"https:\/\/www.restaurant-lemillenaire.com\/wp-content\/uploads\/2023\/08\/cropped-M-OR.png","width":1601,"height":1265,"caption":"Le Mill\u00e9naire"},"image":{"@id":"https:\/\/www.restaurant-lemillenaire.com\/#\/schema\/logo\/image\/"}}]}},"_links":{"self":[{"href":"https:\/\/www.restaurant-lemillenaire.com\/en\/wp-json\/wp\/v2\/pages\/2192","targetHints":{"allow":["GET"]}}],"collection":[{"href":"https:\/\/www.restaurant-lemillenaire.com\/en\/wp-json\/wp\/v2\/pages"}],"about":[{"href":"https:\/\/www.restaurant-lemillenaire.com\/en\/wp-json\/wp\/v2\/types\/page"}],"author":[{"embeddable":true,"href":"https:\/\/www.restaurant-lemillenaire.com\/en\/wp-json\/wp\/v2\/users\/3"}],"replies":[{"embeddable":true,"href":"https:\/\/www.restaurant-lemillenaire.com\/en\/wp-json\/wp\/v2\/comments?post=2192"}],"version-history":[{"count":5,"href":"https:\/\/www.restaurant-lemillenaire.com\/en\/wp-json\/wp\/v2\/pages\/2192\/revisions"}],"predecessor-version":[{"id":3124,"href":"https:\/\/www.restaurant-lemillenaire.com\/en\/wp-json\/wp\/v2\/pages\/2192\/revisions\/3124"}],"wp:attachment":[{"href":"https:\/\/www.restaurant-lemillenaire.com\/en\/wp-json\/wp\/v2\/media?parent=2192"}],"curies":[{"name":"wp","href":"https:\/\/api.w.org\/{rel}","templated":true}]}}